{"id":7532,"date":"2025-07-23T14:12:15","date_gmt":"2025-07-23T14:12:15","guid":{"rendered":"https:\/\/petcan-europe.com\/?post_type=product&#038;p=7532"},"modified":"2026-03-17T15:09:28","modified_gmt":"2026-03-17T14:09:28","slug":"330-ml-transparente-leicht-zu-offnende-pet-dose","status":"publish","type":"product","link":"https:\/\/petcan-europe.com\/de\/product\/330-ml-transparant-easy-open-pet-can\/","title":{"rendered":"330\u202fml transparant PET\u202fCan &#8211; A07"},"content":{"rendered":"<p>Bei Pet Can Europe ist jede PET-Dose gem\u00e4\u00df der EU-Rahmenverordnung 1935\/2004 und der Kunststoffverordnung EU 10\/2011 f\u00fcr den direkten Lebensmittelkontakt zertifiziert und verf\u00fcgt \u00fcber die CE- und FCM-Zulassung. Nicht konforme Verpackungen k\u00f6nnen europaweit hohe Bu\u00dfgelder und Produktr\u00fcckrufe nach sich ziehen. Daher unterziehen wir jede Produktionscharge strengen Migrations- und Hygienetests. Das Ergebnis: luftdichte, transparente Dosen, die Ihre Desserts, Getr\u00e4nke und Snacks sicher aufbewahren \u2013 ohne Risiko einer Schadstoff\u00fcbertragung. W\u00e4hlen Sie Pet Can Europe f\u00fcr Verpackungen, die sowohl die Gesundheit Ihrer Kunden als auch den Ruf Ihrer Marke sch\u00fctzen.<\/p>\n<table style=\"height: 422px;\" width=\"1152\">\n<thead>\n<tr>\n<th>Attribut<\/th>\n<th>Wert<\/th>\n<\/tr>\n<\/thead>\n<tbody>\n<tr>\n<td>Kapazit\u00e4t<\/td>\n<td><strong>330 ml<\/strong><\/td>\n<\/tr>\n<tr>\n<td>Opening size<\/td>\n<td><strong>56,6\u202fmm<\/strong><\/td>\n<\/tr>\n<tr>\n<td>H\u00f6he<\/td>\n<td><strong>114,9\u202fmm<\/strong><\/td>\n<\/tr>\n<tr>\n<td>Durchmesser<\/td>\n<td><strong>64,8\u202fmm<\/strong><\/td>\n<\/tr>\n<tr>\n<td>Gewicht<\/td>\n<td><strong>25\u202fg<\/strong><\/td>\n<\/tr>\n<tr>\n<td>Form<\/td>\n<td><strong>Sleek<\/strong><\/td>\n<\/tr>\n<tr>\n<td>Material<\/td>\n<td>Lebensmitteltaugliches PET<\/td>\n<\/tr>\n<tr>\n<td>Farbe<\/td>\n<td>Transparant<\/td>\n<\/tr>\n<\/tbody>\n<\/table>\n<p><strong>Storage instruction<br \/>\n<\/strong>To maintain product safety and quality, please handle and store this item properly. Avoid applying excessive pressure. And do not store at temperatures above 40\u00b0C (104\u00b0F).<\/p>","protected":false},"excerpt":{"rendered":"<p data-start=\"55\" data-end=\"308\"><strong data-start=\"55\" data-end=\"123\">Pr\u00e4sentieren Sie gr\u00f6\u00dfere Portionen mit demselben kristallklaren Schutz.<\/strong> Unsere runde 330-ml-PET-Dose ist speziell f\u00fcr Caf\u00e9s, Teebars, Dessertl\u00e4den und Feinkosth\u00e4ndler konzipiert, die etwas mehr Platz ben\u00f6tigen, ohne dabei auf Frische oder Attraktivit\u00e4t im Regal verzichten zu m\u00fcssen.<\/p>\n<p><strong>Hauptvorteile<\/strong><\/p>\n<ul>\n<li><strong data-start=\"330\" data-end=\"355\">Sicherer, hygienischer Verschluss<\/strong> \u2013 kompatibel mit Standard-Dosenverschlie\u00dfern mit 55 mm Durchmesser f\u00fcr einen luftdichten, manipulationssicheren Verschluss.<\/li>\n<li><strong data-start=\"446\" data-end=\"476\">Premium-Produktsichtbarkeit<\/strong> \u2013 transparentes PET hebt Farben und Texturen hervor und tr\u00e4gt dazu bei, dass sich Desserts, N\u00fcsse oder Getr\u00e4nke von selbst verkaufen.<\/li>\n<li><strong data-start=\"585\" data-end=\"610\">Leicht und dennoch robust<\/strong> \u2013 PET ist bruchsicher und wiegt nur ca. 24 g, was im Vergleich zu Glas die Versandkosten und das Bruchrisiko senkt.<\/li>\n<li><strong data-start=\"716\" data-end=\"736\">Vollst\u00e4ndig lebensmittelecht<\/strong> \u2013 Hergestellt aus neuem PET und CE-, PET- und FCM-zertifiziert f\u00fcr den direkten Lebensmittelkontakt.<\/li>\n<li><strong data-start=\"821\" data-end=\"844\">Eigenmarkenkennzeichnung<\/strong> \u2013 F\u00fcgen Sie \u00fcber den internen Service von Pet Can Europe vollfarbige Etiketten oder H\u00fcllen hinzu, um einen verkaufsfertigen Look zu erzielen.<\/li>\n<\/ul>\n<p data-start=\"1284\" data-end=\"1300\"><strong>Perfekt f\u00fcr<br \/>\n<\/strong>Kalt gebr\u00fchter Kaffee \u2022 Eisteemischungen \u2022 Schichtdesserts \u2022 Granola- und Joghurtbecher \u2022 Gemischte N\u00fcsse \u2022 Trockenfr\u00fcchte \u2022 Craft-Cocktailmixer<\/p>\n<p data-start=\"1284\" data-end=\"1300\"><strong data-start=\"1437\" data-end=\"1484\">Werten Sie Ihre Verpackung mit Pet Can Europe auf.<\/strong> Fordern Sie noch heute ein Muster an und erfahren Sie, wie unsere 330-ml-PET-Dosen die Haltbarkeit verl\u00e4ngern, die Pr\u00e4sentation verbessern und Ihre Marke weiterbringen. Ben\u00f6tigen Sie andere Gr\u00f6\u00dfen? Wir f\u00fchren auch 210-ml-, 350-ml- und 500-ml-Dosen.<\/p>","protected":false},"featured_media":7542,"template":"","meta":[],"product_brand":[],"product_cat":[88],"product_tag":[94,92,93,95],"class_list":{"0":"post-7532","1":"product","2":"type-product","3":"status-publish","4":"has-post-thumbnail","6":"product_cat-pet-cans","7":"product_tag-300ml","8":"product_tag-pet-can","9":"product_tag-soda-pet-can","10":"product_tag-trend-cans","12":"first","13":"instock","14":"sale","15":"taxable","16":"shipping-taxable","17":"purchasable","18":"product-type-simple"},"supplier_id":null,"supplier_sku":"","barcode":"7440852959959","atum_controlled":true,"out_stock_date":null,"out_stock_threshold":null,"inheritable":false,"inbound_stock":0,"stock_on_hold":4505,"sold_today":0,"sales_last_days":1500,"reserved_stock":0,"customer_returns":0,"warehouse_damage":0,"lost_in_post":0,"other_logs":0,"out_stock_days":0,"lost_sales":0,"has_location":false,"update_date":"2026-04-07T00:04:54","atum_locations":[],"atum_stock_status":"instock","restock_status":false,"low_stock_amount":"","sales_update_date":"2026-04-07T00:04:54","calc_backorders":null,"_links":{"self":[{"href":"https:\/\/petcan-europe.com\/de\/wp-json\/wp\/v2\/product\/7532","targetHints":{"allow":["GET"]}}],"collection":[{"href":"https:\/\/petcan-europe.com\/de\/wp-json\/wp\/v2\/product"}],"about":[{"href":"https:\/\/petcan-europe.com\/de\/wp-json\/wp\/v2\/types\/product"}],"wp:featuredmedia":[{"embeddable":true,"href":"https:\/\/petcan-europe.com\/de\/wp-json\/wp\/v2\/media\/7542"}],"wp:attachment":[{"href":"https:\/\/petcan-europe.com\/de\/wp-json\/wp\/v2\/media?parent=7532"}],"wp:term":[{"taxonomy":"product_brand","embeddable":true,"href":"https:\/\/petcan-europe.com\/de\/wp-json\/wp\/v2\/product_brand?post=7532"},{"taxonomy":"product_cat","embeddable":true,"href":"https:\/\/petcan-europe.com\/de\/wp-json\/wp\/v2\/product_cat?post=7532"},{"taxonomy":"product_tag","embeddable":true,"href":"https:\/\/petcan-europe.com\/de\/wp-json\/wp\/v2\/product_tag?post=7532"}],"curies":[{"name":"wp","href":"https:\/\/api.w.org\/{rel}","templated":true}]}}